{"id":520,"date":"2022-10-12T23:28:16","date_gmt":"2022-10-12T23:28:16","guid":{"rendered":"https:\/\/realtherapyclinic.al\/?page_id=520"},"modified":"2025-09-22T20:27:44","modified_gmt":"2025-09-22T20:27:44","slug":"bio","status":"publish","type":"page","link":"https:\/\/realtherapyclinic.al\/sq\/bio\/","title":{"rendered":"About Us"},"content":{"rendered":"<p class=\"has-x-large-font-size\"><strong>MSc. PT Erisa Dervishi<\/strong><\/p>\n\n\n\n<p class=\"has-large-font-size\">Fizioterapiste, MSc \u2013 Hijama Therapist<\/p>\n\n\n\n<p class=\"has-medium-font-size\">Fizioterapiste me 2 mastera shkencor\u00eb, e trajnuar gjithashtu n\u00eb Hijama Therapy, Fibrolisi Connettivale e Fasciale dhe Cupping Therapy. Erisa kombinon metodat moderne t\u00eb fizioterapis\u00eb me terapit\u00eb natyrale, duke ofruar trajtime t\u00eb personalizuara p\u00ebr rikthimin e ekuilibrit trupor dhe reduktimin\u00a0e\u00a0dhimbjes.<\/p>\n\n\n\n<figure class=\"wp-block-image size-full is-resized\"><img decoding=\"async\" width=\"683\" height=\"1024\" data-src=\"http:\/\/realtherapyclinic.al\/wp-content\/uploads\/2023\/10\/Erisa-Dervishi.jpg\" alt=\"\" class=\"wp-image-688 lazyload\" style=\"--smush-placeholder-width: 683px; --smush-placeholder-aspect-ratio: 683\/1024;aspect-ratio:0.6669921875;width:537px;height:auto\" data-srcset=\"https:\/\/realtherapyclinic.al\/wp-content\/uploads\/2023\/10\/Erisa-Dervishi.jpg 683w, https:\/\/realtherapyclinic.al\/wp-content\/uploads\/2023\/10\/Erisa-Dervishi-200x300.jpg 200w, https:\/\/realtherapyclinic.al\/wp-content\/uploads\/2023\/10\/Erisa-Dervishi-8x12.jpg 8w, https:\/\/realtherapyclinic.al\/wp-content\/uploads\/2023\/10\/Erisa-Dervishi-394x590.jpg 394w\" data-sizes=\"(max-width: 683px) 100vw, 683px\" src=\"data:image\/svg+xml;base64,PHN2ZyB3aWR0aD0iMSIgaGVpZ2h0PSIxIiB4bWxucz0iaHR0cDovL3d3dy53My5vcmcvMjAwMC9zdmciPjwvc3ZnPg==\" \/><\/figure>\n\n\n\n<p class=\"has-large-font-size\"><strong>Edukimi \u2013 Bachelor n\u00eb Fizioterapi (Tetor 2015 \u2013 Korrik 2018)<\/strong><\/p>\n\n\n\n<p class=\"has-medium-font-size\">Fakulteti i Shkencave Mjek\u00ebsore Teknike, Universiteti Aldent.<\/p>\n\n\n\n<p class=\"has-medium-font-size\">Diplom\u00eb e nivelit t\u00eb par\u00eb n\u00eb fizioterapi.<\/p>\n\n\n\n<p class=\"has-medium-font-size\">P\u00ebrfundim i detyrimeve akademike t\u00eb programit t\u00eb studimeve me koh\u00eb t\u00eb plot\u00eb(3 vjet).<\/p>\n\n\n\n<p class=\"has-large-font-size\"><strong>Trajnim<\/strong><\/p>\n\n\n\n<p class=\"has-medium-font-size\">IASTM tools 2019 \u2013 Kompleksi spitalor universitor \u2018Zonja e K\u00ebshillit t\u00eb Mir\u00eb\u2019.<\/p>\n\n\n\n<ol style=\"list-style-type:1\" class=\"wp-block-list has-medium-font-size\">\n<li>FCF \u2013 Fibrolisi Connettivale e Fasciale and Cupping Therapy.<\/li>\n\n\n\n<li>Instrumental Myofacial Manipulation in Egi Academy Corsitalia D.O Corrado Communale<\/li>\n\n\n\n<li>Hijama Practitioner<\/li>\n\n\n\n<li>Hijama Master Practiotioner<\/li>\n\n\n\n<li>Hijama Therapist<\/li>\n\n\n\n<li>KHT Level 1 \u2013 Hyrje n\u00eb Akupunktur\u00ebn Koreane t\u00eb Dor\u00ebs, Akupresur\u00ebn dhe Moksibustionin<\/li>\n<\/ol>\n\n\n\n<figure class=\"wp-block-image size-large is-resized\"><img decoding=\"async\" width=\"819\" height=\"1024\" data-src=\"http:\/\/realtherapyclinic.al\/wp-content\/uploads\/2022\/10\/erisa2-1-819x1024.jpg\" alt=\"\" class=\"wp-image-547 lazyload\" style=\"--smush-placeholder-width: 819px; --smush-placeholder-aspect-ratio: 819\/1024;aspect-ratio:0.800266311584554;width:558px;height:auto\" data-srcset=\"https:\/\/realtherapyclinic.al\/wp-content\/uploads\/2022\/10\/erisa2-1-819x1024.jpg 819w, https:\/\/realtherapyclinic.al\/wp-content\/uploads\/2022\/10\/erisa2-1-240x300.jpg 240w, https:\/\/realtherapyclinic.al\/wp-content\/uploads\/2022\/10\/erisa2-1-768x960.jpg 768w, https:\/\/realtherapyclinic.al\/wp-content\/uploads\/2022\/10\/erisa2-1-10x12.jpg 10w, https:\/\/realtherapyclinic.al\/wp-content\/uploads\/2022\/10\/erisa2-1-472x590.jpg 472w, https:\/\/realtherapyclinic.al\/wp-content\/uploads\/2022\/10\/erisa2-1.jpg 1125w\" data-sizes=\"(max-width: 819px) 100vw, 819px\" src=\"data:image\/svg+xml;base64,PHN2ZyB3aWR0aD0iMSIgaGVpZ2h0PSIxIiB4bWxucz0iaHR0cDovL3d3dy53My5vcmcvMjAwMC9zdmciPjwvc3ZnPg==\" \/><\/figure>\n\n\n\n<p class=\"has-large-font-size\"><strong>Janar 2017 \u2013 Qershor 2022<\/strong><\/p>\n\n\n\n<p class=\"has-medium-font-size\">Fizioterapiste Klinike<\/p>\n\n\n\n<p class=\"has-medium-font-size\">N\u00eb trajtimin t\u00eb \u00a0rasteve klinike duke dh\u00ebn\u00eb standartin e duhur t\u00eb sh\u00ebrbimit fizioterapeutik.<\/p>\n\n\n\n<p class=\"has-medium-font-size\">Disiplinat q\u00eb ushtrova dhe ushtroj n\u00eb profesion jan\u00eb:<\/p>\n\n\n\n<ul class=\"wp-block-list\">\n<li>Terapi Manuale<\/li>\n<\/ul>\n\n\n\n<ul class=\"wp-block-list\">\n<li>Riedukim Funksional dhe Propiaceptiv<\/li>\n<\/ul>\n\n\n\n<ul class=\"wp-block-list\">\n<li>Gjimnastike Posturale<\/li>\n<\/ul>\n\n\n\n<ul class=\"wp-block-list\">\n<li>Fizioterapi dhe Ortopedi<\/li>\n<\/ul>\n\n\n\n<ul class=\"wp-block-list\">\n<li>Traumatologji<\/li>\n<\/ul>\n\n\n\n<ul class=\"wp-block-list\">\n<li>Neurologji<\/li>\n<\/ul>\n\n\n\n<ul class=\"wp-block-list\">\n<li>Reumatologji<\/li>\n<\/ul>\n\n\n\n<ul class=\"wp-block-list\">\n<li>Shtatzani<\/li>\n<\/ul>\n\n\n\n<ul class=\"wp-block-list\">\n<li>Pediatri<\/li>\n<\/ul>\n\n\n\n<ul class=\"wp-block-list\">\n<li>Geriartri<\/li>\n<\/ul>\n\n\n\n<ul class=\"wp-block-list\">\n<li>Fizioterapi Sportive<\/li>\n<\/ul>\n\n\n\n<ul class=\"wp-block-list\">\n<li>Kujdesi para dhe pas-traumatik<\/li>\n<\/ul>\n\n\n\n<ul class=\"wp-block-list\">\n<li>Vler\u00ebsimi, planifikimi dhe shp\u00ebrndarja e planeve t\u00eb kujdesit sipas nevojave komplekse t\u00eb pacientit.<\/li>\n<\/ul>\n\n\n\n<hr class=\"wp-block-separator has-alpha-channel-opacity\"\/>\n\n\n\n<p class=\"has-x-large-font-size\"><strong>MSc. MT Antuela Dervishi<\/strong><\/p>\n\n\n\n<p style=\"font-size:28px\"><strong>Manual Therapist, Estetist &amp; Hijama Therapist<\/strong><\/p>\n\n\n\n<p class=\"has-medium-font-size\">Specialiste e kujdesit terapeutik dhe estetik, e trajnuar n\u00eb terapi manuale, estetik\u00eb profesionale dhe hijama therapy. Antuela kombinon sh\u00ebndetin dhe bukurin\u00eb n\u00eb nj\u00eb qasje t\u00eb vetme, duke ndihmuar klient\u00ebt t\u00eb ndihen m\u00eb t\u00eb fort\u00eb, m\u00eb t\u00eb sh\u00ebndetsh\u00ebm dhe m\u00eb t\u00eb sigurt me veten.<\/p>\n\n\n\n<figure class=\"wp-block-image size-full is-resized\"><img decoding=\"async\" width=\"683\" height=\"1024\" data-src=\"https:\/\/realtherapyclinic.al\/wp-content\/uploads\/2023\/10\/Antuela-Dervishi.jpg\" alt=\"\" class=\"wp-image-690 lazyload\" style=\"--smush-placeholder-width: 683px; --smush-placeholder-aspect-ratio: 683\/1024;aspect-ratio:0.6669921875;width:539px;height:auto\" data-srcset=\"https:\/\/realtherapyclinic.al\/wp-content\/uploads\/2023\/10\/Antuela-Dervishi.jpg 683w, https:\/\/realtherapyclinic.al\/wp-content\/uploads\/2023\/10\/Antuela-Dervishi-200x300.jpg 200w, https:\/\/realtherapyclinic.al\/wp-content\/uploads\/2023\/10\/Antuela-Dervishi-8x12.jpg 8w, https:\/\/realtherapyclinic.al\/wp-content\/uploads\/2023\/10\/Antuela-Dervishi-394x590.jpg 394w\" data-sizes=\"(max-width: 683px) 100vw, 683px\" src=\"data:image\/svg+xml;base64,PHN2ZyB3aWR0aD0iMSIgaGVpZ2h0PSIxIiB4bWxucz0iaHR0cDovL3d3dy53My5vcmcvMjAwMC9zdmciPjwvc3ZnPg==\" \/><\/figure>\n\n\n\n<p class=\"has-large-font-size\"><strong>Education &#8211; Bachelor in Massage Esthetics &#8211; Curative<\/strong><\/p>\n\n\n\n<ol class=\"wp-block-list\">\n<li style=\"font-size:28px\">Qendra Multifunksionale \"New Generation\" (2010 - 2013)<\/li>\n\n\n\n<li style=\"font-size:28px\">Hijama Practitioner<\/li>\n\n\n\n<li style=\"font-size:28px\">Hijama Master Practitioner<\/li>\n\n\n\n<li style=\"font-size:28px\">Hijama Therapist<\/li>\n\n\n\n<li style=\"font-size:28px\">KHT Level 1 \u2013 Hyrje n\u00eb Akupunktur\u00ebn Koreane t\u00eb Dor\u00ebs, Akupresur\u00ebn dhe Moksibustionin<\/li>\n<\/ol>\n\n\n\n<ul class=\"wp-block-list\">\n<li>Terapi Manuale<\/li>\n<\/ul>\n\n\n\n<ul class=\"wp-block-list\">\n<li>Dekontraktim t\u00eb shtyll\u00ebs kurizore<\/li>\n<\/ul>\n\n\n\n<ul class=\"wp-block-list\">\n<li>Limfodrenazh<\/li>\n<\/ul>\n\n\n\n<ul class=\"wp-block-list\">\n<li>Shiatsu<\/li>\n<\/ul>\n\n\n\n<ul class=\"wp-block-list\">\n<li>Refleksologji<\/li>\n<\/ul>\n\n\n\n<ul class=\"wp-block-list\">\n<li>Masazh me Gur\u00eb t\u00eb Nxeht\u00eb<\/li>\n<\/ul>\n\n\n\n<ul class=\"wp-block-list\">\n<li>Terapi me Kupa<\/li>\n<\/ul>\n\n\n\n<ul class=\"wp-block-list\">\n<li>Masazh Relaksimi<\/li>\n<\/ul>\n\n\n\n<ul class=\"wp-block-list\">\n<li>Masazh Tailandez<\/li>\n<\/ul>\n\n\n\n<ul class=\"wp-block-list\">\n<li>Estetik\u00eb<\/li>\n<\/ul>\n\n\n\n<ul class=\"wp-block-list\">\n<li>Trajtimi i Trupit<\/li>\n<\/ul>\n\n\n\n<hr class=\"wp-block-separator has-alpha-channel-opacity\"\/>\n\n\n\n<p class=\"has-x-large-font-size\">MSc HT Vjollca Camandjoti<\/p>\n\n\n\n<p class=\"has-large-font-size\"><strong>Hijama Therapist dhe Energy Healer<\/strong><\/p>\n\n\n\n<p class=\"has-medium-font-size\">Specialiste n\u00eb terapit\u00eb natyrale dhe energjetike, e fokusuar n\u00eb rivendosjen e ekuilibrit t\u00eb trupit dhe mendjes p\u00ebrmes Hijama Therapy dhe Energy Healing. Vjollca sjell nj\u00eb qasje holistike q\u00eb ndihmon klient\u00ebt t\u00eb ndihen m\u00eb t\u00eb sh\u00ebndetsh\u00ebm, m\u00eb t\u00eb leht\u00ebsuar dhe m\u00eb n\u00eb harmoni\u00a0me\u00a0veten.<\/p>\n\n\n\n<p class=\"has-large-font-size\"><strong>Trajnim<\/strong><\/p>\n\n\n\n<ol class=\"wp-block-list\">\n<li class=\"has-large-font-size\">Hijama Practicioner<\/li>\n\n\n\n<li class=\"has-large-font-size\">Hijama Master Practitioner<\/li>\n\n\n\n<li class=\"has-large-font-size\">Hijama Therapist<\/li>\n\n\n\n<li class=\"has-large-font-size\">KHT Level 1 \u2013 Hyrje n\u00eb Akupunktur\u00ebn Koreane t\u00eb Dor\u00ebs, Akupresur\u00ebn dhe Moksibustionin<\/li>\n<\/ol>\n\n\n\n<p><\/p>","protected":false},"excerpt":{"rendered":"<p>MSc. PT Erisa Dervishi Physiotherapist, MSc &#8211; Hijama Therapist Physiotherapist with 2 Masters of Science, trained also in Hijama Therapy, Connective Tissue and Facial Fibrolysis along with Cupping Therapy. Erisa combines modern methods of physiotherapy and natural therapies, by offering personalized treatments for the return of the body equilibrium and pain reduction. Education \u2013 Bachelor [&hellip;]<\/p>","protected":false},"author":1,"featured_media":0,"parent":0,"menu_order":0,"comment_status":"closed","ping_status":"closed","template":"","meta":{"_monsterinsights_skip_tracking":false,"_monsterinsights_sitenote_active":false,"_monsterinsights_sitenote_note":"","_monsterinsights_sitenote_category":0,"footnotes":"[]"},"class_list":["post-520","page","type-page","status-publish","hentry"],"_links":{"self":[{"href":"https:\/\/realtherapyclinic.al\/sq\/wp-json\/wp\/v2\/pages\/520","targetHints":{"allow":["GET"]}}],"collection":[{"href":"https:\/\/realtherapyclinic.al\/sq\/wp-json\/wp\/v2\/pages"}],"about":[{"href":"https:\/\/realtherapyclinic.al\/sq\/wp-json\/wp\/v2\/types\/page"}],"author":[{"embeddable":true,"href":"https:\/\/realtherapyclinic.al\/sq\/wp-json\/wp\/v2\/users\/1"}],"replies":[{"embeddable":true,"href":"https:\/\/realtherapyclinic.al\/sq\/wp-json\/wp\/v2\/comments?post=520"}],"version-history":[{"count":14,"href":"https:\/\/realtherapyclinic.al\/sq\/wp-json\/wp\/v2\/pages\/520\/revisions"}],"predecessor-version":[{"id":813,"href":"https:\/\/realtherapyclinic.al\/sq\/wp-json\/wp\/v2\/pages\/520\/revisions\/813"}],"wp:attachment":[{"href":"https:\/\/realtherapyclinic.al\/sq\/wp-json\/wp\/v2\/media?parent=520"}],"curies":[{"name":"wp","href":"https:\/\/api.w.org\/{rel}","templated":true}]}}